{"id":216,"date":"2019-08-28T09:34:49","date_gmt":"2019-08-28T09:34:49","guid":{"rendered":"https:\/\/ergotherapie-traulle.de\/?page_id=216"},"modified":"2020-08-14T09:02:29","modified_gmt":"2020-08-14T09:02:29","slug":"paediatrie","status":"publish","type":"page","link":"https:\/\/ergotherapie-traulle.de\/?page_id=216","title":{"rendered":"P\u00e4diatrie"},"content":{"rendered":"\t\t<div data-elementor-type=\"wp-post\" data-elementor-id=\"216\" class=\"elementor elementor-216\">\n\t\t\t\t\t\t<section class=\"elementor-section elementor-top-section elementor-element elementor-element-5dc1116 elementor-section-boxed elementor-section-height-default elementor-section-height-default\" data-id=\"5dc1116\" data-element_type=\"section\" data-e-type=\"section\">\n\t\t\t\t\t\t<div class=\"elementor-container elementor-column-gap-default\">\n\t\t\t\t\t<div class=\"elementor-column elementor-col-100 elementor-top-column elementor-element elementor-element-080aa08\" data-id=\"080aa08\" data-element_type=\"column\" data-e-type=\"column\">\n\t\t\t<div class=\"elementor-widget-wrap elementor-element-populated\">\n\t\t\t\t\t\t<div class=\"elementor-element elementor-element-31225fa elementor-widget-divider--view-line elementor-widget elementor-widget-divider\" data-id=\"31225fa\" data-element_type=\"widget\" data-e-type=\"widget\" data-widget_type=\"divider.default\">\n\t\t\t\t<div class=\"elementor-widget-container\">\n\t\t\t\t\t\t\t<div class=\"elementor-divider\">\n\t\t\t<span class=\"elementor-divider-separator\">\n\t\t\t\t\t\t<\/span>\n\t\t<\/div>\n\t\t\t\t\t\t<\/div>\n\t\t\t\t<\/div>\n\t\t\t\t<div class=\"elementor-element elementor-element-da922f1 elementor-widget elementor-widget-text-editor\" data-id=\"da922f1\" data-element_type=\"widget\" data-e-type=\"widget\" data-widget_type=\"text-editor.default\">\n\t\t\t\t<div class=\"elementor-widget-container\">\n\t\t\t\t\t\t\t\t\t<p style=\"text-align: left;\"><span style=\"color: #000000;\"><span style=\"font-family: Arial, sans-serif;\">Die Entwicklung eines Kindes ist ein h\u00f6chst komplexer Prozess,<\/span><span style=\"font-family: Arial, sans-serif;\">der auf vielf\u00e4ltige Weise beeintr\u00e4chtigt sein kann. Ergotherapie kann indiziert sein, bei Auff\u00e4lligkeiten in Unterschiedlichen Bereichen:<br \/><\/span><\/span><\/p><ul><li><span style=\"font-family: Arial, sans-serif; color: #000000;\">Allgemeine Entwicklungsst\u00f6rung<\/span><\/li><li><span style=\"color: #000000;\">St\u00f6rungen des Bewegungsablaufs infolge hirnorganischer Sch\u00e4digungen (spastische L\u00e4hmungen, Anfallsleiden, Spina bifida&#8230;)<\/span><\/li><li><span style=\"font-family: Arial, sans-serif; color: #000000;\">St\u00f6rung der Grobmotorik (Koordination, Bewegungsqualit\u00e4t)<br \/><\/span><\/li><li><span style=\"font-family: Arial, sans-serif; color: #000000;\">St\u00f6rung der Fein- und Grafomotorik<\/span><\/li><li><span style=\"font-family: Arial, sans-serif; color: #000000;\">K\u00f6rperwahrnehmungsst\u00f6rungen<\/span><\/li><li><span style=\"font-family: Arial, sans-serif; color: #000000;\">Konzentrations- und Aufmerksamkeitsst\u00f6rungen<\/span><\/li><li><span style=\"color: #000000;\">St\u00f6rung im Antrieb, der Motivation oder Ausdauer<\/span><\/li><li><span style=\"font-family: Arial, sans-serif; color: #000000;\">Verhaltensauff\u00e4lligkeiten (z.B. \u00c4ngste, Aggressionen)<\/span><\/li><li><span style=\"color: #000000;\">AD(H)S<\/span><\/li><li><span style=\"color: #000000;\">Autismus<\/span><\/li><li><span style=\"color: #000000;\"><span style=\"font-family: Arial, sans-serif;\"> Lern- <\/span><span style=\"font-family: Arial, sans-serif;\">und Leistungsst\u00f6rungen <\/span><\/span><\/li><li><span style=\"font-family: Arial, sans-serif; color: #000000;\">k\u00f6rperliche, geistige Behinderungen; etc.<\/span><\/li><\/ul><h5><span style=\"color: #000000;\"><strong>Ziele der Ergotherapie<\/strong><\/span><\/h5><p><span style=\"color: #000000;\">Entwicklung und Aufbau von:<\/span><\/p><ul><li><span style=\"color: #000000;\">aktiven Bewegungs- und Hanslungskompetenzen<\/span><\/li><li><span style=\"color: #000000;\">physiologischer Bewegungsmuster<\/span><\/li><li><span style=\"color: #000000;\">sicherer Umgang mit Stiften, Scheren und anderen Werkzeugen<\/span><\/li><li><span style=\"color: #000000;\">respektvoller Umgang in der Familie<\/span><\/li><li><span style=\"color: #000000;\">Lern- und Ged\u00e4chtnisstrategien<\/span><\/li><li><span style=\"color: #000000;\">fein- und grafomotorische F\u00e4higkeiten<\/span><\/li><li><span style=\"color: #000000;\">sozioemotionaler F\u00e4higkeiten und Kompetenzen<\/span><\/li><\/ul><p style=\"text-align: left;\"><span style=\"font-family: Arial, sans-serif; color: #000000;\"><b>In unserer Praxis wird haupts\u00e4chlich nach folgenden Konzepten gearbeitet:<\/b><\/span><\/p><ul><li><span style=\"color: #000000;\"><strong><span style=\"font-family: Arial, sans-serif;\">S<\/span><\/strong><span style=\"font-family: Arial, sans-serif;\">ensorische <\/span><strong><span style=\"font-family: Arial, sans-serif;\">I<\/span><\/strong><span style=\"font-family: Arial, sans-serif;\">ntegrationstherapie <span style=\"color: #3366ff;\"><a style=\"color: #3366ff;\" href=\"https:\/\/ergotherapie-traulle.de\/?page_id=221\" target=\"_blank\" rel=\"noopener\">( SI )<\/a><\/span><\/span><\/span><\/li><li><span style=\"font-family: Arial, sans-serif; color: #000000;\"><strong>V<\/strong>erhaltens-<strong>T<\/strong>raining nach Jansen &amp; Streit <span style=\"color: #3366ff;\"><a style=\"color: #3366ff;\" href=\"https:\/\/ergotherapie-traulle.de\/?page_id=223\" target=\"_blank\" rel=\"noopener\">( VT )<\/a><\/span><br \/><\/span><\/li><li style=\"text-align: left;\"><span style=\"color: #000000;\"><span style=\"font-family: Arial, sans-serif;\"><strong>E<\/strong>rgotherapeutisches <strong>S<\/strong>ozialkompetenz<strong>t<\/strong>raining <span style=\"color: #3366ff;\"><a style=\"color: #3366ff;\" href=\"https:\/\/ergotherapie-traulle.de\/?page_id=241\" target=\"_blank\" rel=\"noopener\">( EST ) <\/a><\/span><\/span><span style=\"font-family: Arial, sans-serif;\"><br \/><\/span><\/span><\/li><li><span style=\"color: #000000;\"><strong>A<\/strong>ttentioner nach Jacobs und Petermann <a style=\"color: #000000;\" href=\"https:\/\/ergotherapie-traulle.de\/?page_id=229\" target=\"_blank\" rel=\"noopener\"><span style=\"color: #3366ff;\">( ATT )<\/span><\/a><\/span><\/li><\/ul>\t\t\t\t\t\t\t\t<\/div>\n\t\t\t\t<\/div>\n\t\t\t\t\t<\/div>\n\t\t<\/div>\n\t\t\t\t\t<\/div>\n\t\t<\/section>\n\t\t\t\t<\/div>\n\t\t","protected":false},"excerpt":{"rendered":"<p>Die Entwicklung eines Kindes ist ein h\u00f6chst komplexer Prozess,der auf vielf\u00e4ltige Weise beeintr\u00e4chtigt sein kann. Ergotherapie kann indiziert sein, bei Auff\u00e4lligkeiten in Unterschiedlichen Bereichen: Allgemeine Entwicklungsst\u00f6rung St\u00f6rungen des Bewegungsablaufs infolge hirnorganischer Sch\u00e4digungen (spastische L\u00e4hmungen, Anfallsleiden, Spina bifida&#8230;) St\u00f6rung der Grobmotorik (Koordination, Bewegungsqualit\u00e4t) St\u00f6rung der Fein- und Grafomotorik K\u00f6rperwahrnehmungsst\u00f6rungen Konzentrations- und&#8230;<\/p>\n<p> <a class=\"continue-reading-link\" href=\"https:\/\/ergotherapie-traulle.de\/?page_id=216\"><span>Continue reading<\/span><i class=\"crycon-right-dir\"><\/i><\/a> <\/p>\n","protected":false},"author":1,"featured_media":0,"parent":0,"menu_order":0,"comment_status":"closed","ping_status":"closed","template":"","meta":{"footnotes":""},"class_list":["post-216","page","type-page","status-publish","hentry"],"_links":{"self":[{"href":"https:\/\/ergotherapie-traulle.de\/index.php?rest_route=\/wp\/v2\/pages\/216","targetHints":{"allow":["GET"]}}],"collection":[{"href":"https:\/\/ergotherapie-traulle.de\/index.php?rest_route=\/wp\/v2\/pages"}],"about":[{"href":"https:\/\/ergotherapie-traulle.de\/index.php?rest_route=\/wp\/v2\/types\/page"}],"author":[{"embeddable":true,"href":"https:\/\/ergotherapie-traulle.de\/index.php?rest_route=\/wp\/v2\/users\/1"}],"replies":[{"embeddable":true,"href":"https:\/\/ergotherapie-traulle.de\/index.php?rest_route=%2Fwp%2Fv2%2Fcomments&post=216"}],"version-history":[{"count":46,"href":"https:\/\/ergotherapie-traulle.de\/index.php?rest_route=\/wp\/v2\/pages\/216\/revisions"}],"predecessor-version":[{"id":613,"href":"https:\/\/ergotherapie-traulle.de\/index.php?rest_route=\/wp\/v2\/pages\/216\/revisions\/613"}],"wp:attachment":[{"href":"https:\/\/ergotherapie-traulle.de\/index.php?rest_route=%2Fwp%2Fv2%2Fmedia&parent=216"}],"curies":[{"name":"wp","href":"https:\/\/api.w.org\/{rel}","templated":true}]}}