{"id":221,"date":"2019-08-28T09:51:12","date_gmt":"2019-08-28T09:51:12","guid":{"rendered":"https:\/\/ergotherapie-traulle.de\/?page_id=221"},"modified":"2020-08-10T07:07:23","modified_gmt":"2020-08-10T07:07:23","slug":"si-sensorische-integration","status":"publish","type":"page","link":"https:\/\/ergotherapie-traulle.de\/?page_id=221","title":{"rendered":"SI (sensorische Integration)"},"content":{"rendered":"\t\t<div data-elementor-type=\"wp-post\" data-elementor-id=\"221\" class=\"elementor elementor-221\">\n\t\t\t\t\t\t<section class=\"elementor-section elementor-top-section elementor-element elementor-element-e938e96 elementor-section-boxed elementor-section-height-default elementor-section-height-default\" data-id=\"e938e96\" data-element_type=\"section\" data-e-type=\"section\">\n\t\t\t\t\t\t<div class=\"elementor-container elementor-column-gap-default\">\n\t\t\t\t\t<div class=\"elementor-column elementor-col-100 elementor-top-column elementor-element elementor-element-55bd50f\" data-id=\"55bd50f\" data-element_type=\"column\" data-e-type=\"column\">\n\t\t\t<div class=\"elementor-widget-wrap elementor-element-populated\">\n\t\t\t\t\t\t<div class=\"elementor-element elementor-element-d81ca5a elementor-widget-divider--view-line elementor-widget elementor-widget-divider\" data-id=\"d81ca5a\" data-element_type=\"widget\" data-e-type=\"widget\" data-widget_type=\"divider.default\">\n\t\t\t\t<div class=\"elementor-widget-container\">\n\t\t\t\t\t\t\t<div class=\"elementor-divider\">\n\t\t\t<span class=\"elementor-divider-separator\">\n\t\t\t\t\t\t<\/span>\n\t\t<\/div>\n\t\t\t\t\t\t<\/div>\n\t\t\t\t<\/div>\n\t\t\t\t<div class=\"elementor-element elementor-element-fcc4810 elementor-widget elementor-widget-text-editor\" data-id=\"fcc4810\" data-element_type=\"widget\" data-e-type=\"widget\" data-widget_type=\"text-editor.default\">\n\t\t\t\t<div class=\"elementor-widget-container\">\n\t\t\t\t\t\t\t\t\t<p><span style=\"color: #000000;\"><strong>Was ist SI ?<\/strong><\/span><\/p><p><span style=\"color: #000000;\"><strong>S<\/strong>ensorische <strong>I<\/strong>ntegration geh\u00f6rt zur normalen Entwicklung des Kindes.Die Verbindung und Verarbeitung von Ber\u00fchrung, Bewegung, K\u00f6rperhaltung, Riechen, Schmecken, Tasten, H\u00f6ren und Sehen ist die elementare Grundlage von Handeln, Sprechen und Lernen.<\/span><\/p><p><span style=\"color: #000000;\">Alle \u00fcber die Sinnessysteme aufgenommenen Informationen werden \u201cintegriert\u201d. Das bedeutet sie werden im Nervensystem und Gehirn weitergeleitet, verarbeitet und gedeutet, sodass sie in sinnvolle, der jeweiligen Situation angemessene Handlungen umgesetzt werden k\u00f6nnen.<\/span><\/p><p><span style=\"color: #000000;\"><strong>SI<\/strong> beginnt bereits im Mutterleib und entwickelt sich im fr\u00fchen Kindesalter besonders rasch. Das ist von gro\u00dfer Bedeutung, da in dieser Zeit die Grundstrukturen f\u00fcr alle weiteren Vernetzungen der Sinnessysteme gelegt werden. Dieser Prozess setzt sich mit abnehmender Intensit\u00e4t lebenslang fort.<\/span><\/p><p><span style=\"color: #000000;\">Die Vernetzung der Sinneseindr\u00fccke, die \u00fcber Haut, Muskeln, Gleichgewichtsorgan, Nase, Zunge, H\u00e4nde, Ohren und Augen aufgenommen werden, bilden die Basis f\u00fcr den Erwerb von Bewegung, Sprache, Handlungsf\u00e4higkeit, Interaktion und Lernen.<\/span><\/p><p><span style=\"color: #000000;\"><strong>Hinweise auf Sensorische Integrationsst\u00f6rungen k\u00f6nnen sein:<\/strong><strong>\u00a0<\/strong><\/span><\/p><ul><li><span style=\"color: #000000;\">Entwicklungsverz\u00f6gerungen<\/span><\/li><li><span style=\"color: #000000;\">Schlaf- und Anpassungsst\u00f6rungen<\/span><\/li><li><span style=\"color: #000000;\">Auff\u00e4lligkeiten bei der Nahrungsaufnahme<\/span><\/li><li><span style=\"color: #000000;\">Sprachprobleme<\/span><\/li><li><span style=\"color: #000000;\">Probleme beim Malen<\/span><\/li><li><span style=\"color: #000000;\">Aufmerksamkeitsprobleme<\/span><\/li><li><span style=\"color: #000000;\">Bewegungsprobleme<\/span><\/li><li><span style=\"color: #000000;\">Lernprobleme<\/span><\/li><li><span style=\"color: #000000;\">Kommunikationsprobleme<\/span><\/li><li><span style=\"color: #000000;\">Aggressivit\u00e4t<\/span><\/li><li><span style=\"color: #000000;\">auffallend ruhige Kinder<\/span><\/li><li><span style=\"color: #000000;\">Probleme im Sozialverhalten<\/span><\/li><li><span style=\"color: #000000;\">psychosomatische Probleme<\/span><\/li><li><span style=\"color: #000000;\">Einn\u00e4ssen, Einkoten, etc.<\/span><\/li><\/ul><p><span style=\"color: #000000;\"><strong>Wie wirkt SI-Therapie ?<\/strong><\/span><\/p><p><span style=\"color: #000000;\">Die Therapie nutzt die Plastizit\u00e4t des Nervensystems und den inneren Antrieb des Kindes. Entsprechend dem Befund werden dem Kind sensorische Angebote in spielerischer Form gemacht. Sie stellen Herausforderung dar, motorische Aktivit\u00e4ten zu entwickeln und\u00a0 haben immer einen inneren Bezug f\u00fcr das Kind und sind handlungsorientiert.<\/span><\/p><p><span style=\"color: #000000;\">Die Angebote werden in Art und Dosierung st\u00e4ndig kontrolliert und der Reaktion des Kindes angepasst. Der Therapeut nutzt hierbei sein spezielles Fachwissen \u00fcber die Wirkung der Sinne aufeinander.<\/span><\/p><p><span style=\"color: #000000;\">Zwischen Therapeut und den Bezugspersonen des Kindes, sollte ein regelm\u00e4\u00dfiger Informationsaustausch stattfinden, damit der Therapieprozess optimal gestaltet werden kann.<\/span><\/p>\t\t\t\t\t\t\t\t<\/div>\n\t\t\t\t<\/div>\n\t\t\t\t<div class=\"elementor-element elementor-element-728fc8a elementor-widget elementor-widget-image\" data-id=\"728fc8a\" data-element_type=\"widget\" data-e-type=\"widget\" data-widget_type=\"image.default\">\n\t\t\t\t<div class=\"elementor-widget-container\">\n\t\t\t\t\t\t\t\t\t\t\t\t\t\t\t<img fetchpriority=\"high\" decoding=\"async\" width=\"1794\" height=\"2560\" src=\"https:\/\/ergotherapie-traulle.de\/wp-content\/uploads\/2020\/08\/Entwicklungsbaum-scaled.jpg\" class=\"attachment-full size-full wp-image-530\" alt=\"\" srcset=\"https:\/\/ergotherapie-traulle.de\/wp-content\/uploads\/2020\/08\/Entwicklungsbaum-scaled.jpg 1794w, https:\/\/ergotherapie-traulle.de\/wp-content\/uploads\/2020\/08\/Entwicklungsbaum-210x300.jpg 210w, https:\/\/ergotherapie-traulle.de\/wp-content\/uploads\/2020\/08\/Entwicklungsbaum-718x1024.jpg 718w, https:\/\/ergotherapie-traulle.de\/wp-content\/uploads\/2020\/08\/Entwicklungsbaum-768x1096.jpg 768w, https:\/\/ergotherapie-traulle.de\/wp-content\/uploads\/2020\/08\/Entwicklungsbaum-1077x1536.jpg 1077w, https:\/\/ergotherapie-traulle.de\/wp-content\/uploads\/2020\/08\/Entwicklungsbaum-1435x2048.jpg 1435w, https:\/\/ergotherapie-traulle.de\/wp-content\/uploads\/2020\/08\/Entwicklungsbaum-105x150.jpg 105w\" sizes=\"(max-width: 1794px) 100vw, 1794px\" \/>\t\t\t\t\t\t\t\t\t\t\t\t\t\t\t<\/div>\n\t\t\t\t<\/div>\n\t\t\t\t\t<\/div>\n\t\t<\/div>\n\t\t\t\t\t<\/div>\n\t\t<\/section>\n\t\t\t\t<\/div>\n\t\t","protected":false},"excerpt":{"rendered":"<p>Was ist SI ? Sensorische Integration geh\u00f6rt zur normalen Entwicklung des Kindes.Die Verbindung und Verarbeitung von Ber\u00fchrung, Bewegung, K\u00f6rperhaltung, Riechen, Schmecken, Tasten, H\u00f6ren und Sehen ist die elementare Grundlage von Handeln, Sprechen und Lernen. Alle \u00fcber die Sinnessysteme aufgenommenen Informationen werden \u201cintegriert\u201d. Das bedeutet sie werden im Nervensystem und Gehirn&#8230;<\/p>\n<p> <a class=\"continue-reading-link\" href=\"https:\/\/ergotherapie-traulle.de\/?page_id=221\"><span>Continue reading<\/span><i class=\"crycon-right-dir\"><\/i><\/a> <\/p>\n","protected":false},"author":1,"featured_media":0,"parent":0,"menu_order":0,"comment_status":"closed","ping_status":"closed","template":"","meta":{"footnotes":""},"class_list":["post-221","page","type-page","status-publish","hentry"],"_links":{"self":[{"href":"https:\/\/ergotherapie-traulle.de\/index.php?rest_route=\/wp\/v2\/pages\/221","targetHints":{"allow":["GET"]}}],"collection":[{"href":"https:\/\/ergotherapie-traulle.de\/index.php?rest_route=\/wp\/v2\/pages"}],"about":[{"href":"https:\/\/ergotherapie-traulle.de\/index.php?rest_route=\/wp\/v2\/types\/page"}],"author":[{"embeddable":true,"href":"https:\/\/ergotherapie-traulle.de\/index.php?rest_route=\/wp\/v2\/users\/1"}],"replies":[{"embeddable":true,"href":"https:\/\/ergotherapie-traulle.de\/index.php?rest_route=%2Fwp%2Fv2%2Fcomments&post=221"}],"version-history":[{"count":12,"href":"https:\/\/ergotherapie-traulle.de\/index.php?rest_route=\/wp\/v2\/pages\/221\/revisions"}],"predecessor-version":[{"id":583,"href":"https:\/\/ergotherapie-traulle.de\/index.php?rest_route=\/wp\/v2\/pages\/221\/revisions\/583"}],"wp:attachment":[{"href":"https:\/\/ergotherapie-traulle.de\/index.php?rest_route=%2Fwp%2Fv2%2Fmedia&parent=221"}],"curies":[{"name":"wp","href":"https:\/\/api.w.org\/{rel}","templated":true}]}}