{"id":223,"date":"2019-08-28T09:51:54","date_gmt":"2019-08-28T09:51:54","guid":{"rendered":"https:\/\/ergotherapie-traulle.de\/?page_id=223"},"modified":"2020-07-06T06:55:49","modified_gmt":"2020-07-06T06:55:49","slug":"vt-verhaltenstherapie-nach-jansen-und-streit","status":"publish","type":"page","link":"https:\/\/ergotherapie-traulle.de\/?page_id=223","title":{"rendered":"VT (Verhaltenstherapie nach Jansen und Streit)"},"content":{"rendered":"\t\t<div data-elementor-type=\"wp-post\" data-elementor-id=\"223\" class=\"elementor elementor-223\">\n\t\t\t\t\t\t<section class=\"elementor-section elementor-top-section elementor-element elementor-element-2c4358f elementor-section-boxed elementor-section-height-default elementor-section-height-default\" data-id=\"2c4358f\" data-element_type=\"section\" data-e-type=\"section\">\n\t\t\t\t\t\t<div class=\"elementor-container elementor-column-gap-default\">\n\t\t\t\t\t<div class=\"elementor-column elementor-col-100 elementor-top-column elementor-element elementor-element-482bd7b\" data-id=\"482bd7b\" data-element_type=\"column\" data-e-type=\"column\">\n\t\t\t<div class=\"elementor-widget-wrap elementor-element-populated\">\n\t\t\t\t\t\t<div class=\"elementor-element elementor-element-1c93c46 elementor-widget-divider--view-line elementor-widget elementor-widget-divider\" data-id=\"1c93c46\" data-element_type=\"widget\" data-e-type=\"widget\" data-widget_type=\"divider.default\">\n\t\t\t\t<div class=\"elementor-widget-container\">\n\t\t\t\t\t\t\t<div class=\"elementor-divider\">\n\t\t\t<span class=\"elementor-divider-separator\">\n\t\t\t\t\t\t<\/span>\n\t\t<\/div>\n\t\t\t\t\t\t<\/div>\n\t\t\t\t<\/div>\n\t\t\t\t<div class=\"elementor-element elementor-element-938062e elementor-widget elementor-widget-text-editor\" data-id=\"938062e\" data-element_type=\"widget\" data-e-type=\"widget\" data-widget_type=\"text-editor.default\">\n\t\t\t\t<div class=\"elementor-widget-container\">\n\t\t\t\t\t\t\t\t\t<p><span style=\"font-family: Arial, sans-serif;\">Kinder lernen ihr Verhalten aus dem Verhalten ihrer Eltern oder dem enger Bezugspersonen. Sie verarbeiten st\u00e4ndig unbewusst Situationen und sortieren nach belohnender R\u00fcckmeldung (z.B. lachendes Gesicht, Blickkontakt, Zuwendung, Lob, etc.) oder bestrafender R\u00fcckmeldung (z.B. harte Stimme, zorniges Gesicht, Verbote, Taschengeldentzug, etc.). <\/span><\/p><p><span style=\"font-family: Arial, sans-serif;\">Die Reaktion auf ein Verhalten erfolgt schon unbewusst im so genannten Sekundenfenster, d.h. unmittelbar auf ein gezeigtes Verhalten. Durch h\u00e4ufige Wiederholungen und eine gleich bleibende R\u00fcckmeldung werden Verhaltensweisen automatisiert.<\/span><\/p><p><span style=\"font-family: Arial, sans-serif;\">In unserer Praxis bieten wir das Verhaltenstraining nach Jansen &amp; Streit bei Lern- und Leistungsst\u00f6rungen (z.B. ADS, Schwierigkeiten beim Lesen, Rechtschreiben, Rechnen), bei Aggressionen und bei \u00c4ngsten an. <\/span><\/p><p><span style=\"font-family: Arial, sans-serif;\">Mithilfe von Videoaufnahmen werden Interaktionsmuster innerhalb der Familie analysiert. In der Regel werden folgende Alltagssituationen gefilmt: Spielsituation, Lernsituation, Konfliktgespr\u00e4ch, Planungsgespr\u00e4ch, K\u00f6rperkontakt.<\/span><\/p><p>Nach gemeinsamer Auswertung der Videosequenzen, wird das weitere Vorgehen besprochen.<\/p>\t\t\t\t\t\t\t\t<\/div>\n\t\t\t\t<\/div>\n\t\t\t\t\t<\/div>\n\t\t<\/div>\n\t\t\t\t\t<\/div>\n\t\t<\/section>\n\t\t\t\t<\/div>\n\t\t","protected":false},"excerpt":{"rendered":"<p>Kinder lernen ihr Verhalten aus dem Verhalten ihrer Eltern oder dem enger Bezugspersonen. Sie verarbeiten st\u00e4ndig unbewusst Situationen und sortieren nach belohnender R\u00fcckmeldung (z.B. lachendes Gesicht, Blickkontakt, Zuwendung, Lob, etc.) oder bestrafender R\u00fcckmeldung (z.B. harte Stimme, zorniges Gesicht, Verbote, Taschengeldentzug, etc.). Die Reaktion auf ein Verhalten erfolgt schon unbewusst im&#8230;<\/p>\n<p> <a class=\"continue-reading-link\" href=\"https:\/\/ergotherapie-traulle.de\/?page_id=223\"><span>Continue reading<\/span><i class=\"crycon-right-dir\"><\/i><\/a> <\/p>\n","protected":false},"author":1,"featured_media":0,"parent":0,"menu_order":0,"comment_status":"closed","ping_status":"closed","template":"","meta":{"footnotes":""},"class_list":["post-223","page","type-page","status-publish","hentry"],"_links":{"self":[{"href":"https:\/\/ergotherapie-traulle.de\/index.php?rest_route=\/wp\/v2\/pages\/223","targetHints":{"allow":["GET"]}}],"collection":[{"href":"https:\/\/ergotherapie-traulle.de\/index.php?rest_route=\/wp\/v2\/pages"}],"about":[{"href":"https:\/\/ergotherapie-traulle.de\/index.php?rest_route=\/wp\/v2\/types\/page"}],"author":[{"embeddable":true,"href":"https:\/\/ergotherapie-traulle.de\/index.php?rest_route=\/wp\/v2\/users\/1"}],"replies":[{"embeddable":true,"href":"https:\/\/ergotherapie-traulle.de\/index.php?rest_route=%2Fwp%2Fv2%2Fcomments&post=223"}],"version-history":[{"count":8,"href":"https:\/\/ergotherapie-traulle.de\/index.php?rest_route=\/wp\/v2\/pages\/223\/revisions"}],"predecessor-version":[{"id":491,"href":"https:\/\/ergotherapie-traulle.de\/index.php?rest_route=\/wp\/v2\/pages\/223\/revisions\/491"}],"wp:attachment":[{"href":"https:\/\/ergotherapie-traulle.de\/index.php?rest_route=%2Fwp%2Fv2%2Fmedia&parent=223"}],"curies":[{"name":"wp","href":"https:\/\/api.w.org\/{rel}","templated":true}]}}