{"id":233,"date":"2019-08-28T09:54:23","date_gmt":"2019-08-28T09:54:23","guid":{"rendered":"https:\/\/ergotherapie-traulle.de\/?page_id=233"},"modified":"2020-08-10T10:05:32","modified_gmt":"2020-08-10T10:05:32","slug":"neurologie-orthopaedie","status":"publish","type":"page","link":"https:\/\/ergotherapie-traulle.de\/?page_id=233","title":{"rendered":"Neurologie\/Orthop\u00e4die"},"content":{"rendered":"\t\t<div data-elementor-type=\"wp-post\" data-elementor-id=\"233\" class=\"elementor elementor-233\">\n\t\t\t\t\t\t<section class=\"elementor-section elementor-top-section elementor-element elementor-element-4acfbef elementor-section-boxed elementor-section-height-default elementor-section-height-default\" data-id=\"4acfbef\" data-element_type=\"section\" data-e-type=\"section\">\n\t\t\t\t\t\t<div class=\"elementor-container elementor-column-gap-default\">\n\t\t\t\t\t<div class=\"elementor-column elementor-col-100 elementor-top-column elementor-element elementor-element-d97661b\" data-id=\"d97661b\" data-element_type=\"column\" data-e-type=\"column\">\n\t\t\t<div class=\"elementor-widget-wrap elementor-element-populated\">\n\t\t\t\t\t\t<div class=\"elementor-element elementor-element-8f6d8eb elementor-widget-divider--view-line elementor-widget elementor-widget-divider\" data-id=\"8f6d8eb\" data-element_type=\"widget\" data-e-type=\"widget\" data-widget_type=\"divider.default\">\n\t\t\t\t<div class=\"elementor-widget-container\">\n\t\t\t\t\t\t\t<div class=\"elementor-divider\">\n\t\t\t<span class=\"elementor-divider-separator\">\n\t\t\t\t\t\t<\/span>\n\t\t<\/div>\n\t\t\t\t\t\t<\/div>\n\t\t\t\t<\/div>\n\t\t\t\t<div class=\"elementor-element elementor-element-837da64 elementor-widget elementor-widget-text-editor\" data-id=\"837da64\" data-element_type=\"widget\" data-e-type=\"widget\" data-widget_type=\"text-editor.default\">\n\t\t\t\t<div class=\"elementor-widget-container\">\n\t\t\t\t\t\t\t\t\t<p><span style=\"color: #000000;\"><strong>Wer bekommt Ergotherapie?<\/strong><\/span><\/p><p><span style=\"color: #000000;\"><b> <\/b>Behandelt werden Klienten aller Altersstufen mit Handlungs- und Bewegungseinschr\u00e4nkungen <\/span><span style=\"color: #000000;\">durch erworbene u. \/ o. angeborene Erkrankungen.<\/span><br \/><span style=\"color: #000000;\">Dies sind z.B.:<\/span><\/p><ul><li><span style=\"color: #000000;\">Schlaganfall (Apoplex)<\/span><\/li><li><span style=\"color: #000000;\">Sch\u00e4delhirntrauma<\/span><\/li><li><span style=\"color: #000000;\">Multiple Sklerose<\/span><\/li><li><span style=\"color: #000000;\">Morbus Parkinson<\/span><\/li><li><span style=\"color: #000000;\">Morbus Alzheimer<\/span><\/li><li><span style=\"color: #000000;\">Demenz<\/span><\/li><li><span style=\"color: #000000;\">Erkrankungen des Bewegungsapparates<\/span><\/li><li><span style=\"color: #000000;\">Gelenkerkrankungen (vorwiegend Hand, Schulter, Ellbogen)<\/span><\/li><li><span style=\"color: #000000;\">Rheumatische Erkrankungen<\/span><\/li><li><span style=\"color: #000000;\">Arthrose<\/span><\/li><li><span style=\"color: #000000;\">Arthritis<\/span><\/li><li><span style=\"color: #000000;\">Morbus Sudeck<\/span><\/li><li><span style=\"color: #000000;\">CRPS<\/span><\/li><li><span style=\"color: #000000;\">Kontrakturen, Narben<\/span><\/li><\/ul><p><span style=\"color: #000000;\"><strong>Ziel der Ergotherapie<\/strong><\/span><\/p><p><span style=\"color: #000000;\">Ist das Wiedererlangen von Handlungs- u. Bewegungsf\u00e4higkeit und damit eine gr\u00f6\u00dftm\u00f6gliche Selbstst\u00e4ndigkeit und Unabh\u00e4ngigkeit im h\u00e4uslichen, beruflichen sowie schulischen Alltag<\/span><\/p><ul><li><span style=\"color: #000000;\">Erweiterung des gesamten Bewegungsausma\u00dfes aller Gelenke<\/span><\/li><li><span style=\"color: #000000;\">Verbesserung der Koordination und des Gleichgewichtes <\/span><\/li><li><span style=\"color: #000000;\">Herstellung und Erprobung von Adaptionen, Hilfsmitteln, Wohnraumanpassung<\/span><\/li><li><span style=\"color: #000000;\">Training von Alltagsaktivit\u00e4ten in Hinblick auf die pers\u00f6nliche, h\u00e4usliche u. berufliche Selbstst\u00e4ndigkeit<\/span><\/li><li><span style=\"color: #000000;\">Selbst\u00e4ndigkeit in der Selbstversorgung (Ankleiden, Hygiene, Haushalt)<\/span><\/li><li><span style=\"color: #000000;\">Steigerung der Belastungsf\u00e4higkeit und der Ausdauer<\/span><\/li><li><span style=\"color: #000000;\">Ein\u00fcben schmerzarmer, kompensatorischer Bewegungsabl\u00e4ufe<\/span><\/li><li><span style=\"color: #000000;\">Verbesserungen der Konzentration, Aufmerksamkeit, Merkf\u00e4higkeit, Ged\u00e4chtnis, Orientierung(zeitlich, r\u00e4umlich, personell)\u00a0\u00a0<\/span><\/li><li><span style=\"color: #000000;\">Erlernen vom Kompensationsmechanismen<\/span><\/li><li><span style=\"color: #000000;\">Schmerzreduzierung<\/span><\/li><\/ul>\t\t\t\t\t\t\t\t<\/div>\n\t\t\t\t<\/div>\n\t\t\t\t\t<\/div>\n\t\t<\/div>\n\t\t\t\t\t<\/div>\n\t\t<\/section>\n\t\t\t\t<\/div>\n\t\t","protected":false},"excerpt":{"rendered":"<p>Wer bekommt Ergotherapie? Behandelt werden Klienten aller Altersstufen mit Handlungs- und Bewegungseinschr\u00e4nkungen durch erworbene u. \/ o. angeborene Erkrankungen.Dies sind z.B.: Schlaganfall (Apoplex) Sch\u00e4delhirntrauma Multiple Sklerose Morbus Parkinson Morbus Alzheimer Demenz Erkrankungen des Bewegungsapparates Gelenkerkrankungen (vorwiegend Hand, Schulter, Ellbogen) Rheumatische Erkrankungen Arthrose Arthritis Morbus Sudeck CRPS Kontrakturen, Narben Ziel der&#8230;<\/p>\n<p> <a class=\"continue-reading-link\" href=\"https:\/\/ergotherapie-traulle.de\/?page_id=233\"><span>Continue reading<\/span><i class=\"crycon-right-dir\"><\/i><\/a> <\/p>\n","protected":false},"author":1,"featured_media":0,"parent":0,"menu_order":0,"comment_status":"closed","ping_status":"closed","template":"","meta":{"footnotes":""},"class_list":["post-233","page","type-page","status-publish","hentry"],"_links":{"self":[{"href":"https:\/\/ergotherapie-traulle.de\/index.php?rest_route=\/wp\/v2\/pages\/233","targetHints":{"allow":["GET"]}}],"collection":[{"href":"https:\/\/ergotherapie-traulle.de\/index.php?rest_route=\/wp\/v2\/pages"}],"about":[{"href":"https:\/\/ergotherapie-traulle.de\/index.php?rest_route=\/wp\/v2\/types\/page"}],"author":[{"embeddable":true,"href":"https:\/\/ergotherapie-traulle.de\/index.php?rest_route=\/wp\/v2\/users\/1"}],"replies":[{"embeddable":true,"href":"https:\/\/ergotherapie-traulle.de\/index.php?rest_route=%2Fwp%2Fv2%2Fcomments&post=233"}],"version-history":[{"count":45,"href":"https:\/\/ergotherapie-traulle.de\/index.php?rest_route=\/wp\/v2\/pages\/233\/revisions"}],"predecessor-version":[{"id":600,"href":"https:\/\/ergotherapie-traulle.de\/index.php?rest_route=\/wp\/v2\/pages\/233\/revisions\/600"}],"wp:attachment":[{"href":"https:\/\/ergotherapie-traulle.de\/index.php?rest_route=%2Fwp%2Fv2%2Fmedia&parent=233"}],"curies":[{"name":"wp","href":"https:\/\/api.w.org\/{rel}","templated":true}]}}