{"id":239,"date":"2019-08-28T09:55:24","date_gmt":"2019-08-28T09:55:24","guid":{"rendered":"https:\/\/ergotherapie-traulle.de\/?page_id=239"},"modified":"2020-08-10T07:10:41","modified_gmt":"2020-08-10T07:10:41","slug":"psychiatrie","status":"publish","type":"page","link":"https:\/\/ergotherapie-traulle.de\/?page_id=239","title":{"rendered":"Psychiatrie"},"content":{"rendered":"\t\t<div data-elementor-type=\"wp-post\" data-elementor-id=\"239\" class=\"elementor elementor-239\">\n\t\t\t\t\t\t<section class=\"elementor-section elementor-top-section elementor-element elementor-element-69306f0 elementor-section-boxed elementor-section-height-default elementor-section-height-default\" data-id=\"69306f0\" data-element_type=\"section\" data-e-type=\"section\">\n\t\t\t\t\t\t<div class=\"elementor-container elementor-column-gap-default\">\n\t\t\t\t\t<div class=\"elementor-column elementor-col-100 elementor-top-column elementor-element elementor-element-5077a7f\" data-id=\"5077a7f\" data-element_type=\"column\" data-e-type=\"column\">\n\t\t\t<div class=\"elementor-widget-wrap elementor-element-populated\">\n\t\t\t\t\t\t<div class=\"elementor-element elementor-element-7e07091 elementor-widget-divider--view-line elementor-widget elementor-widget-divider\" data-id=\"7e07091\" data-element_type=\"widget\" data-e-type=\"widget\" data-widget_type=\"divider.default\">\n\t\t\t\t<div class=\"elementor-widget-container\">\n\t\t\t\t\t\t\t<div class=\"elementor-divider\">\n\t\t\t<span class=\"elementor-divider-separator\">\n\t\t\t\t\t\t<\/span>\n\t\t<\/div>\n\t\t\t\t\t\t<\/div>\n\t\t\t\t<\/div>\n\t\t\t\t\t<\/div>\n\t\t<\/div>\n\t\t\t\t\t<\/div>\n\t\t<\/section>\n\t\t\t\t<section class=\"elementor-section elementor-top-section elementor-element elementor-element-bb61379 elementor-section-boxed elementor-section-height-default elementor-section-height-default\" data-id=\"bb61379\" data-element_type=\"section\" data-e-type=\"section\">\n\t\t\t\t\t\t<div class=\"elementor-container elementor-column-gap-default\">\n\t\t\t\t\t<div class=\"elementor-column elementor-col-100 elementor-top-column elementor-element elementor-element-4d596d9\" data-id=\"4d596d9\" data-element_type=\"column\" data-e-type=\"column\">\n\t\t\t<div class=\"elementor-widget-wrap elementor-element-populated\">\n\t\t\t\t\t\t<div class=\"elementor-element elementor-element-e6e3ff0 elementor-widget elementor-widget-text-editor\" data-id=\"e6e3ff0\" data-element_type=\"widget\" data-e-type=\"widget\" data-widget_type=\"text-editor.default\">\n\t\t\t\t<div class=\"elementor-widget-container\">\n\t\t\t\t\t\t\t\t\t<p><span style=\"color: #000000;\"><strong><span style=\"font-family: Arial, sans-serif;\"><span style=\"font-size: large;\">Wer bekommt Ergotherapie?<\/span><\/span><\/strong><\/span><\/p>\n<p><span style=\"font-family: Arial, sans-serif; color: #000000;\"><span style=\"font-size: medium;\">Behandelt werden Klienten aller Altersstufen, nach einer psychiatrischen Eingangsdiagnostik mit psychotischen, neurotischen, Verhaltens- und emotionalen, \u00a0psychosomatischen St\u00f6rungen sowie mit Suchterkrankungen. <\/span><\/span><\/p>\n<p><span style=\"font-family: Arial, sans-serif; color: #000000;\"><span style=\"font-size: medium;\">Dies sind z.B.:<\/span><\/span><\/p>\n<ul>\n<li><span style=\"font-family: Arial, sans-serif; color: #000000;\"><span style=\"font-size: medium;\">Depressionen<\/span><\/span><\/li>\n<li><span style=\"font-family: Arial, sans-serif; color: #000000;\"><span style=\"font-size: medium;\">neurotische Pers\u00f6nlichkeits- und Verhaltensst\u00f6rungen (Angstst\u00f6rungen, Borderline-St\u00f6rung, Neurosen, Phobien)<\/span><\/span><\/li>\n<li><span style=\"font-family: Arial, sans-serif; color: #000000;\"><span style=\"font-size: medium;\">Schizophrenien<\/span><\/span><\/li>\n<li><span style=\"font-family: Arial, sans-serif; color: #000000;\"><span style=\"font-size: medium;\">schizotype und wahnhafte St\u00f6rungen <\/span><\/span><\/li>\n<li><span style=\"font-family: Arial, sans-serif; color: #000000;\"><span style=\"font-size: medium;\">Essst\u00f6rungen <\/span><\/span><\/li>\n<li><span style=\"font-family: Arial, sans-serif; color: #000000;\"><span style=\"font-size: medium;\">affektive St\u00f6rungen<\/span><\/span><\/li>\n<li><span style=\"font-family: Arial, sans-serif; color: #000000;\"><span style=\"font-size: medium;\">dementielle Syndrome<\/span><\/span><\/li>\n<li><span style=\"font-family: Arial, sans-serif; color: #000000;\"><span style=\"font-size: medium;\">hirnorganisches Psychosyndrom<\/span><\/span><\/li>\n<li><span style=\"font-family: Arial, sans-serif; color: #000000;\"><span style=\"font-size: medium;\">Abh\u00e4ngigkeitssyndrom; Suchtkrankheit\u00a0<\/span><\/span><\/li>\n<li><span style=\"color: #000000;\">Morbus Alzheimer<\/span><\/li>\n<li><span style=\"color: #000000;\">Demenz<\/span><\/li>\n<\/ul>\n<p><span style=\"font-family: Arial, sans-serif; color: #000000;\"><span style=\"font-size: medium;\">Hierbei steht die Verbesserung \/ das Ankn\u00fcpfen an verbliebene F\u00e4higkeiten und Fertigkeiten im Zentrum, um Selbsthilfepotenziale des Klienten zu st\u00e4rken. <\/span><\/span><\/p>\n<p align=\"justify\"><span style=\"color: #000000;\"><strong><span style=\"font-family: Arial, sans-serif;\"><span style=\"font-size: large;\">Ziele: <\/span><\/span><\/strong><\/span><\/p>\n<p align=\"justify\"><span style=\"color: #000000;\"><span style=\"font-family: Arial, sans-serif;\"><span style=\"font-size: large;\">D<\/span><\/span><span style=\"font-family: Arial, sans-serif;\"><span style=\"font-size: medium;\">ie Entwicklung, Verbesserung und der Erhalt von:<\/span><\/span><\/span><\/p>\n<ul>\n<li><span style=\"font-family: Arial, sans-serif; color: #000000;\"><span style=\"font-size: medium;\">Psychischen Grundleistungsfunktionen wie Antrieb, Motivation, Belastbarkeit, Ausdauer<\/span><\/span><\/li>\n<li><span style=\"font-family: Arial, sans-serif; color: #000000;\"><span style=\"font-size: medium;\">Flexibilit\u00e4t und Selbst\u00e4ndigkeit in der Tagesstrukturierung<\/span><\/span><\/li>\n<li><span style=\"font-family: Arial, sans-serif; color: #000000;\"><span style=\"font-size: medium;\">K\u00f6rperwahrnehmung und Wahrnehmungsverarbeitung<\/span><\/span><\/li>\n<li><span style=\"font-family: Arial, sans-serif; color: #000000;\"><span style=\"font-size: medium;\">Realit\u00e4tsbezogenheit von Selbst- und Fremdwahrnehmung<\/span><\/span><\/li>\n<li><span style=\"font-family: Arial, sans-serif; color: #000000;\"><span style=\"font-size: medium;\">Situationsgerechtem Verhalten, Sozi-emotionalen Kompetenzen und Interaktionsf\u00e4higkeit<\/span><\/span><\/li>\n<li><span style=\"font-family: Arial, sans-serif; color: #000000;\"><span style=\"font-size: medium;\">Kognitiven Funktionen<\/span><\/span><\/li>\n<li><span style=\"font-family: Arial, sans-serif; color: #000000;\"><span style=\"font-size: medium;\">Psychischer Stabilit\u00e4t und St\u00e4rkung des Selbstvertrauens<\/span><\/span><\/li>\n<li><span style=\"font-family: Arial, sans-serif; color: #000000;\"><span style=\"font-size: medium;\">Eigenst\u00e4ndiger Lebensf\u00fchrung <\/span><\/span><\/li>\n<li><span style=\"font-family: Arial, sans-serif; color: #000000;\"><span style=\"font-size: medium;\">Grundarbeitsf\u00e4higkeiten<\/span><\/span><\/li>\n<\/ul>\n<p><span style=\"font-family: Arial, sans-serif; color: #000000;\"><span style=\"font-size: medium;\">Die Ziele werden mit dem Klienten gemeinsam erarbeitet und auf die Entwicklung einer neuen Lebens- und \/ oder Arbeitsperspektive ausgerichtet.<\/span><\/span><\/p>\n<pre><span style=\"font-family: Arial, sans-serif; color: #000000;\"><span style=\"font-size: medium;\">\u00a0<\/span><\/span><\/pre>\t\t\t\t\t\t\t\t<\/div>\n\t\t\t\t<\/div>\n\t\t\t\t<div class=\"elementor-element elementor-element-6099dfa elementor-widget elementor-widget-text-editor\" data-id=\"6099dfa\" data-element_type=\"widget\" data-e-type=\"widget\" data-widget_type=\"text-editor.default\">\n\t\t\t\t<div class=\"elementor-widget-container\">\n\t\t\t\t\t\t\t\t\t<p>\u00a0<\/p>\n<p>\u00a0<\/p>\n<p>\u00a0<\/p>\n<p><\/p>\t\t\t\t\t\t\t\t<\/div>\n\t\t\t\t<\/div>\n\t\t\t\t\t<\/div>\n\t\t<\/div>\n\t\t\t\t\t<\/div>\n\t\t<\/section>\n\t\t\t\t<\/div>\n\t\t","protected":false},"excerpt":{"rendered":"<p>Wer bekommt Ergotherapie? Behandelt werden Klienten aller Altersstufen, nach einer psychiatrischen Eingangsdiagnostik mit psychotischen, neurotischen, Verhaltens- und emotionalen, \u00a0psychosomatischen St\u00f6rungen sowie mit Suchterkrankungen. Dies sind z.B.: Depressionen neurotische Pers\u00f6nlichkeits- und Verhaltensst\u00f6rungen (Angstst\u00f6rungen, Borderline-St\u00f6rung, Neurosen, Phobien) Schizophrenien schizotype und wahnhafte St\u00f6rungen Essst\u00f6rungen affektive St\u00f6rungen dementielle Syndrome hirnorganisches Psychosyndrom Abh\u00e4ngigkeitssyndrom; Suchtkrankheit\u00a0 Morbus&#8230;<\/p>\n<p> <a class=\"continue-reading-link\" href=\"https:\/\/ergotherapie-traulle.de\/?page_id=239\"><span>Continue reading<\/span><i class=\"crycon-right-dir\"><\/i><\/a> <\/p>\n","protected":false},"author":1,"featured_media":0,"parent":0,"menu_order":0,"comment_status":"closed","ping_status":"closed","template":"","meta":{"footnotes":""},"class_list":["post-239","page","type-page","status-publish","hentry"],"_links":{"self":[{"href":"https:\/\/ergotherapie-traulle.de\/index.php?rest_route=\/wp\/v2\/pages\/239","targetHints":{"allow":["GET"]}}],"collection":[{"href":"https:\/\/ergotherapie-traulle.de\/index.php?rest_route=\/wp\/v2\/pages"}],"about":[{"href":"https:\/\/ergotherapie-traulle.de\/index.php?rest_route=\/wp\/v2\/types\/page"}],"author":[{"embeddable":true,"href":"https:\/\/ergotherapie-traulle.de\/index.php?rest_route=\/wp\/v2\/users\/1"}],"replies":[{"embeddable":true,"href":"https:\/\/ergotherapie-traulle.de\/index.php?rest_route=%2Fwp%2Fv2%2Fcomments&post=239"}],"version-history":[{"count":26,"href":"https:\/\/ergotherapie-traulle.de\/index.php?rest_route=\/wp\/v2\/pages\/239\/revisions"}],"predecessor-version":[{"id":588,"href":"https:\/\/ergotherapie-traulle.de\/index.php?rest_route=\/wp\/v2\/pages\/239\/revisions\/588"}],"wp:attachment":[{"href":"https:\/\/ergotherapie-traulle.de\/index.php?rest_route=%2Fwp%2Fv2%2Fmedia&parent=239"}],"curies":[{"name":"wp","href":"https:\/\/api.w.org\/{rel}","templated":true}]}}