{"id":241,"date":"2019-08-28T09:55:59","date_gmt":"2019-08-28T09:55:59","guid":{"rendered":"https:\/\/ergotherapie-traulle.de\/?page_id=241"},"modified":"2020-08-14T08:45:45","modified_gmt":"2020-08-14T08:45:45","slug":"est-ergotherapeutisches-sozialkompetenz-training","status":"publish","type":"page","link":"https:\/\/ergotherapie-traulle.de\/?page_id=241","title":{"rendered":"EST (Ergotherapeutisches Sozialkompetenz-Training)"},"content":{"rendered":"\t\t<div data-elementor-type=\"wp-post\" data-elementor-id=\"241\" class=\"elementor elementor-241\">\n\t\t\t\t\t\t<section class=\"elementor-section elementor-top-section elementor-element elementor-element-c5bbc61 elementor-section-boxed elementor-section-height-default elementor-section-height-default\" data-id=\"c5bbc61\" data-element_type=\"section\" data-e-type=\"section\">\n\t\t\t\t\t\t<div class=\"elementor-container elementor-column-gap-default\">\n\t\t\t\t\t<div class=\"elementor-column elementor-col-100 elementor-top-column elementor-element elementor-element-032af7a\" data-id=\"032af7a\" data-element_type=\"column\" data-e-type=\"column\">\n\t\t\t<div class=\"elementor-widget-wrap elementor-element-populated\">\n\t\t\t\t\t\t<div class=\"elementor-element elementor-element-b4fa216 elementor-widget-divider--view-line elementor-widget elementor-widget-divider\" data-id=\"b4fa216\" data-element_type=\"widget\" data-e-type=\"widget\" data-widget_type=\"divider.default\">\n\t\t\t\t<div class=\"elementor-widget-container\">\n\t\t\t\t\t\t\t<div class=\"elementor-divider\">\n\t\t\t<span class=\"elementor-divider-separator\">\n\t\t\t\t\t\t<\/span>\n\t\t<\/div>\n\t\t\t\t\t\t<\/div>\n\t\t\t\t<\/div>\n\t\t\t\t<div class=\"elementor-element elementor-element-34d67c9 elementor-widget elementor-widget-text-editor\" data-id=\"34d67c9\" data-element_type=\"widget\" data-e-type=\"widget\" data-widget_type=\"text-editor.default\">\n\t\t\t\t<div class=\"elementor-widget-container\">\n\t\t\t\t\t\t\t\t\t<p><span style=\"color: #000000;\"><strong>F\u00fcr Kinder<\/strong> mit<\/span><\/p><ul><li><span style=\"color: #000000;\">Unsicherheiten und sozialen \u00c4ngsten<\/span><\/li><li><span style=\"color: #000000;\">Mangelndem Selbstvertrauen und Motivation<\/span><\/li><li><span style=\"color: #000000;\">Wutausbr\u00fcchen<\/span><\/li><li><span style=\"color: #000000;\">R\u00fcckzugstendenzen<\/span><\/li><li><span style=\"color: #000000;\">Mangelnden Konflikt- und Probleml\u00f6sungsstrategien<\/span><\/li><li><span style=\"color: #000000;\">Problemen in der Kommunikation und mangelnder Teamf\u00e4higkeit<\/span><\/li><\/ul><p><span style=\"color: #000000;\"><strong>Thematische Inhalte des Trainings sind:<\/strong><\/span><\/p><ul><li><span style=\"color: #000000;\">Gut zuh\u00f6ren<\/span><\/li><li><span style=\"color: #000000;\">Ich wei\u00df, was ich kann und mag<\/span><\/li><li><span style=\"color: #000000;\">Gespr\u00e4chsregeln: Zuh\u00f6ren und sich mitteilen<\/span><\/li><li><span style=\"color: #000000;\">Grenzen setzen: Stopp! Sagen<\/span><\/li><li><span style=\"color: #000000;\">Selbstregulation<\/span><\/li><li><span style=\"color: #000000;\">Hilfe holen, anderen helfen<\/span><\/li><li><span style=\"color: #000000;\">Freundschaft und Vertrauen<\/span><\/li><li><span style=\"color: #000000;\">Gef\u00fchle<\/span><\/li><li><span style=\"color: #000000;\">Strategien zur Konfliktbew\u00e4ltigung<\/span><\/li><\/ul><p><span style=\"color: #000000;\">Das Training umfasst 14 Einheiten \u00e1 75 Minuten inklusive 15 Minuten Gruppenelterngespr\u00e4che pro Einheit.<\/span><\/p><p><span style=\"color: #000000;\">Ein wichtiger Bestandteil des Trainings sind die Hausaufgaben. Diese sind zum Festigen und zum Anwenden des Gelernten im Alltag.<\/span><\/p><p><span style=\"color: #000000;\">Es muss eine differenzierte \u00fcbergeordnete Diagnostik durch einen Kinder- und Jugendpsychologen erfolgt sein.<\/span><\/p>\t\t\t\t\t\t\t\t<\/div>\n\t\t\t\t<\/div>\n\t\t\t\t\t<\/div>\n\t\t<\/div>\n\t\t\t\t\t<\/div>\n\t\t<\/section>\n\t\t\t\t<\/div>\n\t\t","protected":false},"excerpt":{"rendered":"<p>F\u00fcr Kinder mit Unsicherheiten und sozialen \u00c4ngsten Mangelndem Selbstvertrauen und Motivation Wutausbr\u00fcchen R\u00fcckzugstendenzen Mangelnden Konflikt- und Probleml\u00f6sungsstrategien Problemen in der Kommunikation und mangelnder Teamf\u00e4higkeit Thematische Inhalte des Trainings sind: Gut zuh\u00f6ren Ich wei\u00df, was ich kann und mag Gespr\u00e4chsregeln: Zuh\u00f6ren und sich mitteilen Grenzen setzen: Stopp! Sagen Selbstregulation Hilfe holen,&#8230;<\/p>\n<p> <a class=\"continue-reading-link\" href=\"https:\/\/ergotherapie-traulle.de\/?page_id=241\"><span>Continue reading<\/span><i class=\"crycon-right-dir\"><\/i><\/a> <\/p>\n","protected":false},"author":1,"featured_media":0,"parent":0,"menu_order":0,"comment_status":"closed","ping_status":"closed","template":"","meta":{"footnotes":""},"class_list":["post-241","page","type-page","status-publish","hentry"],"_links":{"self":[{"href":"https:\/\/ergotherapie-traulle.de\/index.php?rest_route=\/wp\/v2\/pages\/241","targetHints":{"allow":["GET"]}}],"collection":[{"href":"https:\/\/ergotherapie-traulle.de\/index.php?rest_route=\/wp\/v2\/pages"}],"about":[{"href":"https:\/\/ergotherapie-traulle.de\/index.php?rest_route=\/wp\/v2\/types\/page"}],"author":[{"embeddable":true,"href":"https:\/\/ergotherapie-traulle.de\/index.php?rest_route=\/wp\/v2\/users\/1"}],"replies":[{"embeddable":true,"href":"https:\/\/ergotherapie-traulle.de\/index.php?rest_route=%2Fwp%2Fv2%2Fcomments&post=241"}],"version-history":[{"count":14,"href":"https:\/\/ergotherapie-traulle.de\/index.php?rest_route=\/wp\/v2\/pages\/241\/revisions"}],"predecessor-version":[{"id":605,"href":"https:\/\/ergotherapie-traulle.de\/index.php?rest_route=\/wp\/v2\/pages\/241\/revisions\/605"}],"wp:attachment":[{"href":"https:\/\/ergotherapie-traulle.de\/index.php?rest_route=%2Fwp%2Fv2%2Fmedia&parent=241"}],"curies":[{"name":"wp","href":"https:\/\/api.w.org\/{rel}","templated":true}]}}