{"id":347,"date":"2020-06-20T04:34:10","date_gmt":"2020-06-20T04:34:10","guid":{"rendered":"https:\/\/ergotherapie-traulle.de\/?page_id=347"},"modified":"2020-08-10T07:11:46","modified_gmt":"2020-08-10T07:11:46","slug":"handrehabilitation","status":"publish","type":"page","link":"https:\/\/ergotherapie-traulle.de\/?page_id=347","title":{"rendered":"Handrehabilitation"},"content":{"rendered":"\t\t<div data-elementor-type=\"wp-page\" data-elementor-id=\"347\" class=\"elementor elementor-347\">\n\t\t\t\t\t\t<section class=\"elementor-section elementor-top-section elementor-element elementor-element-2ef23e2 elementor-section-boxed elementor-section-height-default elementor-section-height-default\" data-id=\"2ef23e2\" data-element_type=\"section\" data-e-type=\"section\">\n\t\t\t\t\t\t<div class=\"elementor-container elementor-column-gap-default\">\n\t\t\t\t\t<div class=\"elementor-column elementor-col-100 elementor-top-column elementor-element elementor-element-09a1e8a\" data-id=\"09a1e8a\" data-element_type=\"column\" data-e-type=\"column\">\n\t\t\t<div class=\"elementor-widget-wrap elementor-element-populated\">\n\t\t\t\t\t\t<div class=\"elementor-element elementor-element-5a34516 elementor-widget-divider--view-line elementor-widget elementor-widget-divider\" data-id=\"5a34516\" data-element_type=\"widget\" data-e-type=\"widget\" data-widget_type=\"divider.default\">\n\t\t\t\t<div class=\"elementor-widget-container\">\n\t\t\t\t\t\t\t<div class=\"elementor-divider\">\n\t\t\t<span class=\"elementor-divider-separator\">\n\t\t\t\t\t\t<\/span>\n\t\t<\/div>\n\t\t\t\t\t\t<\/div>\n\t\t\t\t<\/div>\n\t\t\t\t<div class=\"elementor-element elementor-element-e2668dd elementor-widget elementor-widget-text-editor\" data-id=\"e2668dd\" data-element_type=\"widget\" data-e-type=\"widget\" data-widget_type=\"text-editor.default\">\n\t\t\t\t<div class=\"elementor-widget-container\">\n\t\t\t\t\t\t\t\t\t<p><span style=\"color: #000000;\">Handtherapie ist eine ganzheitliche Behandlung der Hand bzw. der oberen Extremit\u00e4t zur Wiederherstellung nach Verletzungen, Erkrankungen, Fehlbildungen aus dem orthop\u00e4dischen traumatisch-chirurgischen, rheumatologischen und neurologischen Bereich.<\/span><\/p><p><span style=\"color: #000000;\"><strong>M\u00f6gliche Krankheitsbilder:<\/strong><\/span><\/p><ul><li><span style=\"color: #000000;\">\u00dcberlastungssyndrome<\/span><\/li><li><span style=\"color: #000000;\">Sehnenverletzungen ( z. B. Nachbehandlung nach Kleinert oder Hammerfinger)<\/span><\/li><li><span style=\"color: #000000;\">Rheumatische Arthritis<\/span><\/li><li><span style=\"color: #000000;\">Artherose\/Rhizarthrose<\/span><\/li><li><span style=\"color: #000000;\">Verbrennungen<\/span><\/li><li><span style=\"color: #000000;\">Zustand nach Frakturen<\/span><\/li><li><span style=\"color: #000000;\">Morbus Dupuytren<\/span><\/li><li><span style=\"color: #000000;\">CRPS \/ Schmerzsyndrome<\/span><\/li><li><span style=\"color: #000000;\">operative Eingriffe an der Hand<\/span><\/li><li><span style=\"color: #000000;\">Verletzungen der oberen Extremit\u00e4ten<\/span><\/li><li><span style=\"color: #000000;\">Morbus Sudeck<\/span><\/li><\/ul><div><span style=\"color: #000000;\"><strong>Ziele:<\/strong><\/span><\/div><p><span style=\"color: #000000;\">Die handtherapeutische Behandlung kann konservativ, pr\u00e4- oder postoperativ erfolgen und zielt darauf ab, die physiologischen Funktionen der Hand wiederherzustellen bzw. bestm\u00f6glich zu erhalten. Dazu z\u00e4hlen Greiffunktion, Feinmotorik, Beweglichkeit, Koordination, Geschicklichkeit, Kraft und Schmerzfreiheit.<\/span><\/p>\t\t\t\t\t\t\t\t<\/div>\n\t\t\t\t<\/div>\n\t\t\t\t\t<\/div>\n\t\t<\/div>\n\t\t\t\t\t<\/div>\n\t\t<\/section>\n\t\t\t\t<\/div>\n\t\t","protected":false},"excerpt":{"rendered":"<p>Handtherapie ist eine ganzheitliche Behandlung der Hand bzw. der oberen Extremit\u00e4t zur Wiederherstellung nach Verletzungen, Erkrankungen, Fehlbildungen aus dem orthop\u00e4dischen traumatisch-chirurgischen, rheumatologischen und neurologischen Bereich. M\u00f6gliche Krankheitsbilder: \u00dcberlastungssyndrome Sehnenverletzungen ( z. B. Nachbehandlung nach Kleinert oder Hammerfinger) Rheumatische Arthritis Artherose\/Rhizarthrose Verbrennungen Zustand nach Frakturen Morbus Dupuytren CRPS \/ Schmerzsyndrome operative&#8230;<\/p>\n<p> <a class=\"continue-reading-link\" href=\"https:\/\/ergotherapie-traulle.de\/?page_id=347\"><span>Continue reading<\/span><i class=\"crycon-right-dir\"><\/i><\/a> <\/p>\n","protected":false},"author":1,"featured_media":0,"parent":0,"menu_order":0,"comment_status":"closed","ping_status":"closed","template":"","meta":{"footnotes":""},"class_list":["post-347","page","type-page","status-publish","hentry"],"_links":{"self":[{"href":"https:\/\/ergotherapie-traulle.de\/index.php?rest_route=\/wp\/v2\/pages\/347","targetHints":{"allow":["GET"]}}],"collection":[{"href":"https:\/\/ergotherapie-traulle.de\/index.php?rest_route=\/wp\/v2\/pages"}],"about":[{"href":"https:\/\/ergotherapie-traulle.de\/index.php?rest_route=\/wp\/v2\/types\/page"}],"author":[{"embeddable":true,"href":"https:\/\/ergotherapie-traulle.de\/index.php?rest_route=\/wp\/v2\/users\/1"}],"replies":[{"embeddable":true,"href":"https:\/\/ergotherapie-traulle.de\/index.php?rest_route=%2Fwp%2Fv2%2Fcomments&post=347"}],"version-history":[{"count":12,"href":"https:\/\/ergotherapie-traulle.de\/index.php?rest_route=\/wp\/v2\/pages\/347\/revisions"}],"predecessor-version":[{"id":590,"href":"https:\/\/ergotherapie-traulle.de\/index.php?rest_route=\/wp\/v2\/pages\/347\/revisions\/590"}],"wp:attachment":[{"href":"https:\/\/ergotherapie-traulle.de\/index.php?rest_route=%2Fwp%2Fv2%2Fmedia&parent=347"}],"curies":[{"name":"wp","href":"https:\/\/api.w.org\/{rel}","templated":true}]}}