{"id":98,"date":"2019-08-07T07:16:03","date_gmt":"2019-08-07T07:16:03","guid":{"rendered":"https:\/\/ergotherapie-traulle.de\/?page_id=98"},"modified":"2020-08-10T07:13:44","modified_gmt":"2020-08-10T07:13:44","slug":"was-ist-ergotherapie","status":"publish","type":"page","link":"https:\/\/ergotherapie-traulle.de\/?page_id=98","title":{"rendered":"Was ist Ergotherapie"},"content":{"rendered":"\t\t<div data-elementor-type=\"wp-page\" data-elementor-id=\"98\" class=\"elementor elementor-98\">\n\t\t\t\t\t\t<section class=\"elementor-section elementor-top-section elementor-element elementor-element-69091401 elementor-section-boxed elementor-section-height-default elementor-section-height-default\" data-id=\"69091401\" data-element_type=\"section\" data-e-type=\"section\">\n\t\t\t\t\t\t<div class=\"elementor-container elementor-column-gap-default\">\n\t\t\t\t\t<div class=\"elementor-column elementor-col-100 elementor-top-column elementor-element elementor-element-5a19c476\" data-id=\"5a19c476\" data-element_type=\"column\" data-e-type=\"column\">\n\t\t\t<div class=\"elementor-widget-wrap elementor-element-populated\">\n\t\t\t\t\t\t<div class=\"elementor-element elementor-element-1488306 elementor-widget-divider--view-line elementor-widget elementor-widget-divider\" data-id=\"1488306\" data-element_type=\"widget\" data-e-type=\"widget\" data-widget_type=\"divider.default\">\n\t\t\t\t<div class=\"elementor-widget-container\">\n\t\t\t\t\t\t\t<div class=\"elementor-divider\">\n\t\t\t<span class=\"elementor-divider-separator\">\n\t\t\t\t\t\t<\/span>\n\t\t<\/div>\n\t\t\t\t\t\t<\/div>\n\t\t\t\t<\/div>\n\t\t\t\t<div class=\"elementor-element elementor-element-71c5f4e0 elementor-widget elementor-widget-text-editor\" data-id=\"71c5f4e0\" data-element_type=\"widget\" data-e-type=\"widget\" data-widget_type=\"text-editor.default\">\n\t\t\t\t<div class=\"elementor-widget-container\">\n\t\t\t\t\t\t\t\t\t<p><\/p>\n<p><span style=\"color: #000000;\">\u201eErgotherapie unterst\u00fctzt und begleitet Menschen jedes Alters, die in ihrer Handlungsf\u00e4higkeit eingeschr\u00e4nkt oder von Einschr\u00e4nkung bedroht sind.<\/span><\/p>\n<p><span style=\"color: #000000;\"><\/span><\/p>\n<p><span style=\"color: #000000;\">Ziel ist, sie bei der Durchf\u00fchrung f\u00fcr sie bedeutungsvoller Bet\u00e4tigungen in den Bereichen Selbstversorgung, Produktivit\u00e4t und Freizeit zu st\u00e4rken. Hierbei dienen spezifische Aktivit\u00e4ten, Umweltanpassung und Beratung dazu, dem Menschen Handlungsf\u00e4higkeit im Alltag, gesellschaftliche Teilhabe und eine Verbesserung seiner Lebensqualit\u00e4t zu erm\u00f6glichen.\u201c Quelle DVE Info<\/span><\/p>\n<p><span style=\"color: #000000;\"><\/span><\/p>\n<p><span style=\"color: #000000;\"><\/span><\/p>\n<h5><span style=\"color: #000000;\"><strong>Wie erh\u00e4lt man Ergotherapie<\/strong><\/span><\/h5>\n<p><span style=\"color: #000000;\"><\/span><\/p>\n<p><span style=\"color: #000000;\">Ergotherapie ist ein \u00e4rztlich verordnetes Heilmittel. Sie findet sowohl in der Praxis, in station\u00e4ren Einrichtungen, in Integrationsgruppen wie auch heilp\u00e4dagogischen Gruppen im Kindergarten oder bei medizinischer Notwendigkeit als Hausbesuch statt.<\/span><\/p>\n<p><span style=\"color: #000000;\"><\/span><\/p>\n<p><span style=\"color: #000000;\">Die Verordnung f\u00fcr die ambulante Ergotherapie stellt der behandelnde Haus- oder Facharzt- aus.<\/span><\/p>\n<p><\/p>\n<p><\/p>\t\t\t\t\t\t\t\t<\/div>\n\t\t\t\t<\/div>\n\t\t\t\t\t<\/div>\n\t\t<\/div>\n\t\t\t\t\t<\/div>\n\t\t<\/section>\n\t\t\t\t<\/div>\n\t\t","protected":false},"excerpt":{"rendered":"<p>\u201eErgotherapie unterst\u00fctzt und begleitet Menschen jedes Alters, die in ihrer Handlungsf\u00e4higkeit eingeschr\u00e4nkt oder von Einschr\u00e4nkung bedroht sind. Ziel ist, sie bei der Durchf\u00fchrung f\u00fcr sie bedeutungsvoller Bet\u00e4tigungen in den Bereichen Selbstversorgung, Produktivit\u00e4t und Freizeit zu st\u00e4rken. Hierbei dienen spezifische Aktivit\u00e4ten, Umweltanpassung und Beratung dazu, dem Menschen Handlungsf\u00e4higkeit im Alltag, gesellschaftliche&#8230;<\/p>\n<p> <a class=\"continue-reading-link\" href=\"https:\/\/ergotherapie-traulle.de\/?page_id=98\"><span>Continue reading<\/span><i class=\"crycon-right-dir\"><\/i><\/a> <\/p>\n","protected":false},"author":1,"featured_media":0,"parent":0,"menu_order":0,"comment_status":"closed","ping_status":"closed","template":"","meta":{"footnotes":""},"class_list":["post-98","page","type-page","status-publish","hentry"],"_links":{"self":[{"href":"https:\/\/ergotherapie-traulle.de\/index.php?rest_route=\/wp\/v2\/pages\/98","targetHints":{"allow":["GET"]}}],"collection":[{"href":"https:\/\/ergotherapie-traulle.de\/index.php?rest_route=\/wp\/v2\/pages"}],"about":[{"href":"https:\/\/ergotherapie-traulle.de\/index.php?rest_route=\/wp\/v2\/types\/page"}],"author":[{"embeddable":true,"href":"https:\/\/ergotherapie-traulle.de\/index.php?rest_route=\/wp\/v2\/users\/1"}],"replies":[{"embeddable":true,"href":"https:\/\/ergotherapie-traulle.de\/index.php?rest_route=%2Fwp%2Fv2%2Fcomments&post=98"}],"version-history":[{"count":17,"href":"https:\/\/ergotherapie-traulle.de\/index.php?rest_route=\/wp\/v2\/pages\/98\/revisions"}],"predecessor-version":[{"id":592,"href":"https:\/\/ergotherapie-traulle.de\/index.php?rest_route=\/wp\/v2\/pages\/98\/revisions\/592"}],"wp:attachment":[{"href":"https:\/\/ergotherapie-traulle.de\/index.php?rest_route=%2Fwp%2Fv2%2Fmedia&parent=98"}],"curies":[{"name":"wp","href":"https:\/\/api.w.org\/{rel}","templated":true}]}}